{"id":4197,"date":"2021-06-14T11:06:59","date_gmt":"2021-06-14T11:06:59","guid":{"rendered":"https:\/\/axebrand.com.vn\/dau-gio-trang-hieu-cay-bua\/"},"modified":"2021-06-15T04:46:26","modified_gmt":"2021-06-15T04:46:26","slug":"dau-gio-trang-hieu-cay-bua","status":"publish","type":"page","link":"https:\/\/axebrand.com.vn\/vi\/dau-gio-trang-hieu-cay-bua\/","title":{"rendered":"D\u1ea7u gi\u00f3 tr\u1eafng hi\u1ec7u c\u00e2y b\u00faa"},"content":{"rendered":"\t\t<div data-elementor-type=\"wp-page\" data-elementor-id=\"4197\" class=\"elementor elementor-4197 elementor-527\">\n\t\t\t\t\t\t<section class=\"elementor-section elementor-top-section elementor-element elementor-element-c82a58e elementor-section-boxed elementor-section-height-default elementor-section-height-default\" data-id=\"c82a58e\" data-element_type=\"section\" data-settings=\"{&quot;background_background&quot;:&quot;classic&quot;}\">\n\t\t\t\t\t\t<div class=\"elementor-container elementor-column-gap-default\">\n\t\t\t\t\t<div class=\"elementor-column elementor-col-100 elementor-top-column elementor-element elementor-element-9670c07\" data-id=\"9670c07\" data-element_type=\"column\">\n\t\t\t<div class=\"elementor-widget-wrap elementor-element-populated\">\n\t\t\t\t\t\t<section class=\"elementor-section elementor-inner-section elementor-element elementor-element-4b501ba elementor-section-boxed elementor-section-height-default elementor-section-height-default\" data-id=\"4b501ba\" data-element_type=\"section\">\n\t\t\t\t\t\t<div class=\"elementor-container elementor-column-gap-default\">\n\t\t\t\t\t<div class=\"elementor-column elementor-col-33 elementor-inner-column elementor-element elementor-element-b47e926\" data-id=\"b47e926\" data-element_type=\"column\">\n\t\t\t<div class=\"elementor-widget-wrap\">\n\t\t\t\t\t\t\t<\/div>\n\t\t<\/div>\n\t\t\t\t<div class=\"elementor-column elementor-col-33 elementor-inner-column elementor-element elementor-element-97d1dff\" data-id=\"97d1dff\" data-element_type=\"column\">\n\t\t\t<div class=\"elementor-widget-wrap elementor-element-populated\">\n\t\t\t\t\t\t<div class=\"elementor-element elementor-element-797abe6 elementor-widget elementor-widget-image\" data-id=\"797abe6\" data-element_type=\"widget\" data-widget_type=\"image.default\">\n\t\t\t\t<div class=\"elementor-widget-container\">\n\t\t\t\t\t\t\t\t\t\t\t\t\t<img fetchpriority=\"high\" decoding=\"async\" width=\"630\" height=\"600\" src=\"https:\/\/axebrand.com.vn\/wp-content\/uploads\/2021\/01\/uni-pro.png\" class=\"attachment-large size-large wp-image-4138\" alt=\"\" srcset=\"https:\/\/axebrand.com.vn\/wp-content\/uploads\/2021\/01\/uni-pro.png 630w, https:\/\/axebrand.com.vn\/wp-content\/uploads\/2021\/01\/uni-pro-300x286.png 300w\" sizes=\"(max-width: 630px) 100vw, 630px\" \/>\t\t\t\t\t\t\t\t\t\t\t\t\t<\/div>\n\t\t\t\t<\/div>\n\t\t\t\t\t<\/div>\n\t\t<\/div>\n\t\t\t\t<div class=\"elementor-column elementor-col-33 elementor-inner-column elementor-element elementor-element-cf747f6\" data-id=\"cf747f6\" data-element_type=\"column\">\n\t\t\t<div class=\"elementor-widget-wrap\">\n\t\t\t\t\t\t\t<\/div>\n\t\t<\/div>\n\t\t\t\t\t<\/div>\n\t\t<\/section>\n\t\t\t\t<section class=\"elementor-section elementor-inner-section elementor-element elementor-element-a5d9148 elementor-section-boxed elementor-section-height-default elementor-section-height-default\" data-id=\"a5d9148\" data-element_type=\"section\">\n\t\t\t\t\t\t<div class=\"elementor-container elementor-column-gap-default\">\n\t\t\t\t\t<div class=\"elementor-column elementor-col-100 elementor-inner-column elementor-element elementor-element-4de9caf\" data-id=\"4de9caf\" data-element_type=\"column\">\n\t\t\t<div class=\"elementor-widget-wrap elementor-element-populated\">\n\t\t\t\t\t\t<div class=\"elementor-element elementor-element-ff00a28 elementor-widget elementor-widget-heading\" data-id=\"ff00a28\" data-element_type=\"widget\" data-widget_type=\"heading.default\">\n\t\t\t\t<div class=\"elementor-widget-container\">\n\t\t\t<h2 class=\"elementor-heading-title elementor-size-default\">D\u1ea6U GI\u00d3 TR\u1eaeNG HI\u1ec6U C\u00c2Y B\u00daA<\/h2>\t\t<\/div>\n\t\t\t\t<\/div>\n\t\t\t\t<div class=\"elementor-element elementor-element-c3d5e81 elementor-widget elementor-widget-text-editor\" data-id=\"c3d5e81\" data-element_type=\"widget\" data-widget_type=\"text-editor.default\">\n\t\t\t\t<div class=\"elementor-widget-container\">\n\t\t\t\t\t\t\t<p>D\u1ea7u gi\u00f3 trong chai ti\u1ec7n d\u1ee5ng, xoa d\u1ecbu nhanh ch\u00f3ng c\u00e1c tri\u1ec7u ch\u1ee9ng c\u1ea3m l\u1ea1nh v\u00e0 nh\u1ee9c \u0111\u1ea7u.*<\/p>\n\t\t\t\t\t\t<\/div>\n\t\t\t\t<\/div>\n\t\t\t\t<div class=\"elementor-element elementor-element-d3e77dd product-desc elementor-widget elementor-widget-text-editor\" data-id=\"d3e77dd\" data-element_type=\"widget\" data-widget_type=\"text-editor.default\">\n\t\t\t\t<div class=\"elementor-widget-container\">\n\t\t\t\t\t\t\t<p><strong>D\u1ea6U GI\u00d3 TR\u1eaeNG HI\u1ec6U C\u00c2Y B\u00daA<\/strong>\u00a0d\u1ef1a tr\u00ean m\u1ed9t c\u00f4ng th\u1ee9c \u0111\u1ed9c \u0111\u00e1o v\u00e0 \u0111\u00e3 \u0111\u01b0\u1ee3c s\u1eed d\u1ee5ng tr\u00ean to\u00e0n th\u1ebf gi\u1edbi trong su\u1ed1t 90 n\u0103m qua. Lo\u1ea1i d\u1ea7u n\u00e0y trong su\u1ed1t, m\u00f9i h\u01b0\u01a1ng d\u1ec5 ch\u1ecbu. D\u1ea7u n\u00e0y d\u1ecbu nh\u1eb9, c\u00f3 kh\u1ea3 n\u0103ng l\u00e0m gi\u1ea3m b\u1ed3n ch\u1ed3n, nh\u1ee9c \u0111\u1ea7u, ngh\u1eb9t m\u0169i v\u00e0 c\u00e1c tri\u1ec7u ch\u1ee9ng c\u1ea3m l\u1ea1nh, \u0111au b\u1ee5ng, c\u00f4n tr\u00f9ng c\u1eafn, \u0111au kh\u1edbp, \u0111au c\u01a1 b\u1eafp.<\/p>\n<p><strong>H\u01af\u1edaNG D\u1eaaN S\u1eec D\u1ee4NG<\/strong><\/p>\n<p>Thoa v\u00e0i gi\u1ecdt v\u00e0o ch\u1ed7 \u0111au v\u00e0 massage nh\u1eb9 nh\u00e0ng. \u0110\u1ed1i v\u1edbi tr\u01b0\u1eddng h\u1ee3p ngh\u1eb9t m\u0169i: Th\u1ea5m 2-3 gi\u1ecdt v\u00e0o kh\u0103n tay ho\u1eb7c kh\u0103n gi\u1ea5y v\u00e0 h\u00edt s\u00e2u. \u0110\u1ec3 gi\u1ea3m c\u1ea3m gi\u00e1c \u0111\u1ea7y h\u01a1i v\u00e0 \u0111\u1ea7y b\u1ee5ng: Thoa d\u1ea7u l\u00ean v\u00f9ng r\u1ed1n v\u00e0 ph\u1ee7 kh\u0103n \u1ea5m l\u00ean tr\u00ean. Thay kh\u0103n \u1ea5m khi c\u1ea7n.<\/p>\n\t\t\t\t\t\t<\/div>\n\t\t\t\t<\/div>\n\t\t\t\t\t<\/div>\n\t\t<\/div>\n\t\t\t\t\t<\/div>\n\t\t<\/section>\n\t\t\t\t<section class=\"elementor-section elementor-inner-section elementor-element elementor-element-32e437b elementor-section-boxed elementor-section-height-default elementor-section-height-default\" data-id=\"32e437b\" data-element_type=\"section\">\n\t\t\t\t\t\t<div class=\"elementor-container elementor-column-gap-default\">\n\t\t\t\t\t<div class=\"elementor-column elementor-col-33 elementor-inner-column elementor-element elementor-element-e6d34ef\" data-id=\"e6d34ef\" data-element_type=\"column\">\n\t\t\t<div class=\"elementor-widget-wrap elementor-element-populated\">\n\t\t\t\t\t\t<div class=\"elementor-element elementor-element-c85f5c4 elementor-widget elementor-widget-image\" data-id=\"c85f5c4\" data-element_type=\"widget\" data-widget_type=\"image.default\">\n\t\t\t\t<div class=\"elementor-widget-container\">\n\t\t\t\t\t\t\t\t\t\t\t\t\t<img decoding=\"async\" width=\"109\" height=\"109\" src=\"https:\/\/axebrand.com.vn\/wp-content\/uploads\/2021\/01\/symptom_2.png\" class=\"elementor-animation-grow attachment-large size-large wp-image-4072\" alt=\"\" \/>\t\t\t\t\t\t\t\t\t\t\t\t\t<\/div>\n\t\t\t\t<\/div>\n\t\t\t\t<div class=\"elementor-element elementor-element-d6427a2 elementor-widget elementor-widget-heading\" data-id=\"d6427a2\" data-element_type=\"widget\" data-widget_type=\"heading.default\">\n\t\t\t\t<div class=\"elementor-widget-container\">\n\t\t\t<h2 class=\"elementor-heading-title elementor-size-default\">Ngh\u1eb9t m\u0169i<\/h2>\t\t<\/div>\n\t\t\t\t<\/div>\n\t\t\t\t\t<\/div>\n\t\t<\/div>\n\t\t\t\t<div class=\"elementor-column elementor-col-33 elementor-inner-column elementor-element elementor-element-51cf3b6\" data-id=\"51cf3b6\" data-element_type=\"column\">\n\t\t\t<div class=\"elementor-widget-wrap elementor-element-populated\">\n\t\t\t\t\t\t<div class=\"elementor-element elementor-element-e62802d elementor-widget elementor-widget-image\" data-id=\"e62802d\" data-element_type=\"widget\" data-widget_type=\"image.default\">\n\t\t\t\t<div class=\"elementor-widget-container\">\n\t\t\t\t\t\t\t\t\t\t\t\t\t<img decoding=\"async\" width=\"109\" height=\"109\" src=\"https:\/\/axebrand.com.vn\/wp-content\/uploads\/2021\/01\/symptom_4.png\" class=\"elementor-animation-grow attachment-large size-large wp-image-4102\" alt=\"\" \/>\t\t\t\t\t\t\t\t\t\t\t\t\t<\/div>\n\t\t\t\t<\/div>\n\t\t\t\t<div class=\"elementor-element elementor-element-c96be2f elementor-widget elementor-widget-heading\" data-id=\"c96be2f\" data-element_type=\"widget\" data-widget_type=\"heading.default\">\n\t\t\t\t<div class=\"elementor-widget-container\">\n\t\t\t<h2 class=\"elementor-heading-title elementor-size-default\">C\u00f4n tr\u00f9ng c\u1eafn<\/h2>\t\t<\/div>\n\t\t\t\t<\/div>\n\t\t\t\t\t<\/div>\n\t\t<\/div>\n\t\t\t\t<div class=\"elementor-column elementor-col-33 elementor-inner-column elementor-element elementor-element-a17ae5f\" data-id=\"a17ae5f\" data-element_type=\"column\">\n\t\t\t<div class=\"elementor-widget-wrap elementor-element-populated\">\n\t\t\t\t\t\t<div class=\"elementor-element elementor-element-33c6f71 elementor-widget elementor-widget-image\" data-id=\"33c6f71\" data-element_type=\"widget\" data-widget_type=\"image.default\">\n\t\t\t\t<div class=\"elementor-widget-container\">\n\t\t\t\t\t\t\t\t\t\t\t\t\t<img loading=\"lazy\" decoding=\"async\" width=\"109\" height=\"109\" src=\"https:\/\/axebrand.com.vn\/wp-content\/uploads\/2021\/01\/symptom_3.png\" class=\"elementor-animation-grow attachment-large size-large wp-image-4073\" alt=\"\" \/>\t\t\t\t\t\t\t\t\t\t\t\t\t<\/div>\n\t\t\t\t<\/div>\n\t\t\t\t<div class=\"elementor-element elementor-element-3fb3ab5 elementor-widget elementor-widget-heading\" data-id=\"3fb3ab5\" data-element_type=\"widget\" data-widget_type=\"heading.default\">\n\t\t\t\t<div class=\"elementor-widget-container\">\n\t\t\t<h2 class=\"elementor-heading-title elementor-size-default\">\u0110au c\u01a1<\/h2>\t\t<\/div>\n\t\t\t\t<\/div>\n\t\t\t\t\t<\/div>\n\t\t<\/div>\n\t\t\t\t\t<\/div>\n\t\t<\/section>\n\t\t\t\t<section class=\"elementor-section elementor-inner-section elementor-element elementor-element-3c5aea6 elementor-section-boxed elementor-section-height-default elementor-section-height-default\" data-id=\"3c5aea6\" data-element_type=\"section\">\n\t\t\t\t\t\t<div class=\"elementor-container elementor-column-gap-default\">\n\t\t\t\t\t<div class=\"elementor-column elementor-col-33 elementor-inner-column elementor-element elementor-element-93a6ecd\" data-id=\"93a6ecd\" data-element_type=\"column\">\n\t\t\t<div class=\"elementor-widget-wrap elementor-element-populated\">\n\t\t\t\t\t\t<div class=\"elementor-element elementor-element-7c85e3a elementor-widget elementor-widget-image\" data-id=\"7c85e3a\" data-element_type=\"widget\" data-widget_type=\"image.default\">\n\t\t\t\t<div class=\"elementor-widget-container\">\n\t\t\t\t\t\t\t\t\t\t\t\t\t<img loading=\"lazy\" decoding=\"async\" width=\"109\" height=\"109\" src=\"https:\/\/axebrand.com.vn\/wp-content\/uploads\/2021\/01\/symptom_5.png\" class=\"elementor-animation-grow attachment-large size-large wp-image-4101\" alt=\"\" \/>\t\t\t\t\t\t\t\t\t\t\t\t\t<\/div>\n\t\t\t\t<\/div>\n\t\t\t\t<div class=\"elementor-element elementor-element-9c2156e elementor-widget elementor-widget-heading\" data-id=\"9c2156e\" data-element_type=\"widget\" data-widget_type=\"heading.default\">\n\t\t\t\t<div class=\"elementor-widget-container\">\n\t\t\t<h2 class=\"elementor-heading-title elementor-size-default\">\u0110au b\u1ee5ng<\/h2>\t\t<\/div>\n\t\t\t\t<\/div>\n\t\t\t\t\t<\/div>\n\t\t<\/div>\n\t\t\t\t<div class=\"elementor-column elementor-col-33 elementor-inner-column elementor-element elementor-element-cb59fe5\" data-id=\"cb59fe5\" data-element_type=\"column\">\n\t\t\t<div class=\"elementor-widget-wrap elementor-element-populated\">\n\t\t\t\t\t\t<div class=\"elementor-element elementor-element-056d26f elementor-widget elementor-widget-image\" data-id=\"056d26f\" data-element_type=\"widget\" data-widget_type=\"image.default\">\n\t\t\t\t<div class=\"elementor-widget-container\">\n\t\t\t\t\t\t\t\t\t\t\t\t\t<img loading=\"lazy\" decoding=\"async\" width=\"109\" height=\"109\" src=\"https:\/\/axebrand.com.vn\/wp-content\/uploads\/2021\/01\/symptom_1.png\" class=\"elementor-animation-grow attachment-large size-large wp-image-4071\" alt=\"\" \/>\t\t\t\t\t\t\t\t\t\t\t\t\t<\/div>\n\t\t\t\t<\/div>\n\t\t\t\t<div class=\"elementor-element elementor-element-c478960 elementor-widget elementor-widget-heading\" data-id=\"c478960\" data-element_type=\"widget\" data-widget_type=\"heading.default\">\n\t\t\t\t<div class=\"elementor-widget-container\">\n\t\t\t<h2 class=\"elementor-heading-title elementor-size-default\">C\u1ea3m l\u1ea1nh & Nh\u1ee9c \u0111\u1ea7u<\/h2>\t\t<\/div>\n\t\t\t\t<\/div>\n\t\t\t\t\t<\/div>\n\t\t<\/div>\n\t\t\t\t<div class=\"elementor-column elementor-col-33 elementor-inner-column elementor-element elementor-element-fc96387\" data-id=\"fc96387\" data-element_type=\"column\">\n\t\t\t<div class=\"elementor-widget-wrap elementor-element-populated\">\n\t\t\t\t\t\t<div class=\"elementor-element elementor-element-c966d1e elementor-widget elementor-widget-image\" data-id=\"c966d1e\" data-element_type=\"widget\" data-widget_type=\"image.default\">\n\t\t\t\t<div class=\"elementor-widget-container\">\n\t\t\t\t\t\t\t\t\t\t\t\t\t<img loading=\"lazy\" decoding=\"async\" width=\"109\" height=\"109\" src=\"https:\/\/axebrand.com.vn\/wp-content\/uploads\/2021\/01\/symptom_6.png\" class=\"elementor-animation-grow attachment-large size-large wp-image-4100\" alt=\"\" \/>\t\t\t\t\t\t\t\t\t\t\t\t\t<\/div>\n\t\t\t\t<\/div>\n\t\t\t\t<div class=\"elementor-element elementor-element-32eb760 elementor-widget elementor-widget-heading\" data-id=\"32eb760\" data-element_type=\"widget\" data-widget_type=\"heading.default\">\n\t\t\t\t<div class=\"elementor-widget-container\">\n\t\t\t<h2 class=\"elementor-heading-title elementor-size-default\">Ch\u00f3ng m\u1eb7t<\/h2>\t\t<\/div>\n\t\t\t\t<\/div>\n\t\t\t\t\t<\/div>\n\t\t<\/div>\n\t\t\t\t\t<\/div>\n\t\t<\/section>\n\t\t\t\t<section class=\"elementor-section elementor-inner-section elementor-element elementor-element-79f41ed elementor-section-boxed elementor-section-height-default elementor-section-height-default\" data-id=\"79f41ed\" data-element_type=\"section\">\n\t\t\t\t\t\t<div class=\"elementor-container elementor-column-gap-default\">\n\t\t\t\t\t<div class=\"elementor-column elementor-col-100 elementor-inner-column elementor-element elementor-element-297276e\" data-id=\"297276e\" data-element_type=\"column\">\n\t\t\t<div class=\"elementor-widget-wrap elementor-element-populated\">\n\t\t\t\t\t\t<div class=\"elementor-element elementor-element-86e7f54 elementor-widget-divider--view-line elementor-widget elementor-widget-divider\" data-id=\"86e7f54\" data-element_type=\"widget\" data-widget_type=\"divider.default\">\n\t\t\t\t<div class=\"elementor-widget-container\">\n\t\t\t\t\t<div class=\"elementor-divider\">\n\t\t\t<span class=\"elementor-divider-separator\">\n\t\t\t\t\t\t<\/span>\n\t\t<\/div>\n\t\t\t\t<\/div>\n\t\t\t\t<\/div>\n\t\t\t\t<div class=\"elementor-element elementor-element-2521481 elementor-widget elementor-widget-text-editor\" data-id=\"2521481\" data-element_type=\"widget\" data-widget_type=\"text-editor.default\">\n\t\t\t\t<div class=\"elementor-widget-container\">\n\t\t\t\t\t\t\t<p>( * ) T\u00e1c d\u1ee5ng t\u00f9y c\u01a1 \u0111\u1ecba.<\/p>\n<p>( ** ) N\u1ebfu c\u00f3 b\u1ea5t k\u1ef3 c\u00e2u h\u1ecfi \/ ph\u1ea3n h\u1ed3i n\u00e0o v\u1ec1 s\u1ea3n ph\u1ea9m, xin qu\u00fd v\u1ecb<a class=\"linkColour\" href=\"https:\/\/axebrand.com.vn\/vi\/lien-he\/\">\u00a0vui l\u00f2ng li\u00ean h\u1ec7 v\u1edbi ch\u00fang t\u00f4i<\/a>.<\/p>\n\t\t\t\t\t\t<\/div>\n\t\t\t\t<\/div>\n\t\t\t\t\t<\/div>\n\t\t<\/div>\n\t\t\t\t\t<\/div>\n\t\t<\/section>\n\t\t\t\t\t<\/div>\n\t\t<\/div>\n\t\t\t\t\t<\/div>\n\t\t<\/section>\n\t\t\t\t<\/div>\n\t\t","protected":false},"excerpt":{"rendered":"<p>D\u1ea6U GI\u00d3 TR\u1eaeNG HI\u1ec6U C\u00c2Y B\u00daA D\u1ea7u gi\u00f3 trong chai ti\u1ec7n d\u1ee5ng, xoa d\u1ecbu nhanh ch\u00f3ng c\u00e1c tri\u1ec7u ch\u1ee9ng c\u1ea3m l\u1ea1nh v\u00e0 nh\u1ee9c \u0111\u1ea7u.* D\u1ea6U GI\u00d3 TR\u1eaeNG HI\u1ec6U C\u00c2Y B\u00daA\u00a0d\u1ef1a tr\u00ean m\u1ed9t c\u00f4ng th\u1ee9c \u0111\u1ed9c \u0111\u00e1o v\u00e0 \u0111\u00e3 \u0111\u01b0\u1ee3c s\u1eed d\u1ee5ng tr\u00ean to\u00e0n th\u1ebf gi\u1edbi trong su\u1ed1t 90 n\u0103m qua. Lo\u1ea1i d\u1ea7u n\u00e0y trong su\u1ed1t, [&hellip;]<\/p>\n","protected":false},"author":1,"featured_media":0,"parent":0,"menu_order":0,"comment_status":"closed","ping_status":"closed","template":"","meta":{"ocean_post_layout":"","ocean_both_sidebars_style":"","ocean_both_sidebars_content_width":0,"ocean_both_sidebars_sidebars_width":0,"ocean_sidebar":"0","ocean_second_sidebar":"0","ocean_disable_margins":"enable","ocean_add_body_class":"","ocean_shortcode_before_top_bar":"","ocean_shortcode_after_top_bar":"","ocean_shortcode_before_header":"","ocean_shortcode_after_header":"","ocean_has_shortcode":"","ocean_shortcode_after_title":"","ocean_shortcode_before_footer_widgets":"","ocean_shortcode_after_footer_widgets":"","ocean_shortcode_before_footer_bottom":"[INSERT_ELEMENTOR id=\"3620\"]","ocean_shortcode_after_footer_bottom":"[INSERT_ELEMENTOR id=\"1684\"]","ocean_display_top_bar":"default","ocean_display_header":"default","ocean_header_style":"","ocean_center_header_left_menu":"0","ocean_custom_header_template":"0","ocean_custom_logo":0,"ocean_custom_retina_logo":0,"ocean_custom_logo_max_width":0,"ocean_custom_logo_tablet_max_width":0,"ocean_custom_logo_mobile_max_width":0,"ocean_custom_logo_max_height":0,"ocean_custom_logo_tablet_max_height":0,"ocean_custom_logo_mobile_max_height":0,"ocean_header_custom_menu":"0","ocean_menu_typo_font_family":"0","ocean_menu_typo_font_subset":"","ocean_menu_typo_font_size":0,"ocean_menu_typo_font_size_tablet":0,"ocean_menu_typo_font_size_mobile":0,"ocean_menu_typo_font_size_unit":"px","ocean_menu_typo_font_weight":"","ocean_menu_typo_font_weight_tablet":"","ocean_menu_typo_font_weight_mobile":"","ocean_menu_typo_transform":"","ocean_menu_typo_transform_tablet":"","ocean_menu_typo_transform_mobile":"","ocean_menu_typo_line_height":0,"ocean_menu_typo_line_height_tablet":0,"ocean_menu_typo_line_height_mobile":0,"ocean_menu_typo_line_height_unit":"","ocean_menu_typo_spacing":0,"ocean_menu_typo_spacing_tablet":0,"ocean_menu_typo_spacing_mobile":0,"ocean_menu_typo_spacing_unit":"","ocean_menu_link_color":"","ocean_menu_link_color_hover":"","ocean_menu_link_color_active":"","ocean_menu_link_background":"","ocean_menu_link_hover_background":"","ocean_menu_link_active_background":"","ocean_menu_social_links_bg":"","ocean_menu_social_hover_links_bg":"","ocean_menu_social_links_color":"","ocean_menu_social_hover_links_color":"","ocean_disable_title":"on","ocean_disable_heading":"default","ocean_post_title":"","ocean_post_subheading":"","ocean_post_title_style":"","ocean_post_title_background_color":"","ocean_post_title_background":0,"ocean_post_title_bg_image_position":"","ocean_post_title_bg_image_attachment":"","ocean_post_title_bg_image_repeat":"","ocean_post_title_bg_image_size":"","ocean_post_title_height":0,"ocean_post_title_bg_overlay":0.5,"ocean_post_title_bg_overlay_color":"","ocean_disable_breadcrumbs":"off","ocean_breadcrumbs_color":"","ocean_breadcrumbs_separator_color":"","ocean_breadcrumbs_links_color":"","ocean_breadcrumbs_links_hover_color":"","ocean_display_footer_widgets":"default","ocean_display_footer_bottom":"default","ocean_custom_footer_template":"0","footnotes":""},"class_list":["post-4197","page","type-page","status-publish","hentry","entry"],"_links":{"self":[{"href":"https:\/\/axebrand.com.vn\/vi\/wp-json\/wp\/v2\/pages\/4197","targetHints":{"allow":["GET"]}}],"collection":[{"href":"https:\/\/axebrand.com.vn\/vi\/wp-json\/wp\/v2\/pages"}],"about":[{"href":"https:\/\/axebrand.com.vn\/vi\/wp-json\/wp\/v2\/types\/page"}],"author":[{"embeddable":true,"href":"https:\/\/axebrand.com.vn\/vi\/wp-json\/wp\/v2\/users\/1"}],"replies":[{"embeddable":true,"href":"https:\/\/axebrand.com.vn\/vi\/wp-json\/wp\/v2\/comments?post=4197"}],"version-history":[{"count":0,"href":"https:\/\/axebrand.com.vn\/vi\/wp-json\/wp\/v2\/pages\/4197\/revisions"}],"wp:attachment":[{"href":"https:\/\/axebrand.com.vn\/vi\/wp-json\/wp\/v2\/media?parent=4197"}],"curies":[{"name":"wp","href":"https:\/\/api.w.org\/{rel}","templated":true}]}}